{"id":151,"date":"2019-02-04T19:09:30","date_gmt":"2019-02-05T00:09:30","guid":{"rendered":"https:\/\/egide.uqam.ca\/?page_id=151"},"modified":"2019-02-04T19:09:31","modified_gmt":"2019-02-05T00:09:31","slug":"contact-us","status":"publish","type":"page","link":"https:\/\/egide.uqam.ca\/en\/contact-us\/","title":{"rendered":"Contact us"},"content":{"rendered":"\n<p>For more information on the <strong>EGIDE Consortium <\/strong>and the International Summit, to become a partner or volunteer:<\/p>\n\n\n\n<p>Address:<br>Universit\u00e9 du Qu\u00e9bec \u00e0 Montr\u00e9al<br>D\u00e9partement de g\u00e9ographie<br>Case Postale 8888, succursale centre-ville<br>Montr\u00e9al (Qu\u00e9bec) H3C 3P8<\/p>\n\n\n\n<p>Email :<br>egide@uqam.ca<\/p>\n\n\n\n<p>Fax :<br>(to the attention of Michel C. Dor\u00e9)<br>514.987.6784<\/p>\n","protected":false},"excerpt":{"rendered":"<p>For more information on the EGIDE Consortium and the International Summit, to become a partner or volunteer: Address:Universit\u00e9 du Qu\u00e9bec \u00e0 Montr\u00e9alD\u00e9partement de g\u00e9ographieCase Postale 8888, succursale centre-villeMontr\u00e9al (Qu\u00e9bec) H3C 3P8 Email :egide@uqam.ca Fax :(to the attention of Michel C. Dor\u00e9)514.987.6784<\/p>\n","protected":false},"author":474,"featured_media":0,"parent":0,"menu_order":0,"comment_status":"closed","ping_status":"closed","template":"","meta":{"_editorskit_title_hidden":false,"_editorskit_reading_time":0,"_editorskit_is_block_options_detached":false,"_editorskit_block_options_position":"{}","footnotes":""},"class_list":["post-151","page","type-page","status-publish","hentry"],"yoast_head":"<!-- This site is optimized with the Yoast SEO plugin v27.4 - https:\/\/yoast.com\/product\/yoast-seo-wordpress\/ -->\n<title>Contact us - EGIDE<\/title>\n<meta name=\"robots\" content=\"index, follow, max-snippet:-1, max-image-preview:large, max-video-preview:-1\" \/>\n<link rel=\"canonical\" href=\"https:\/\/egide.uqam.ca\/en\/contact-us\/\" \/>\n<meta property=\"og:locale\" content=\"en_US\" \/>\n<meta property=\"og:type\" content=\"article\" \/>\n<meta property=\"og:title\" content=\"Contact us - EGIDE\" \/>\n<meta property=\"og:description\" content=\"For more information on the EGIDE Consortium and the International Summit, to become a partner or volunteer: Address:Universit\u00e9 du Qu\u00e9bec \u00e0 Montr\u00e9alD\u00e9partement de g\u00e9ographieCase Postale 8888, succursale centre-villeMontr\u00e9al (Qu\u00e9bec) H3C 3P8 Email :egide@uqam.ca Fax :(to the attention of Michel C. Dor\u00e9)514.987.6784\" \/>\n<meta property=\"og:url\" content=\"https:\/\/egide.uqam.ca\/en\/contact-us\/\" \/>\n<meta property=\"og:site_name\" content=\"EGIDE\" \/>\n<meta property=\"article:modified_time\" content=\"2019-02-05T00:09:31+00:00\" \/>\n<meta name=\"twitter:card\" content=\"summary_large_image\" \/>\n<script type=\"application\/ld+json\" class=\"yoast-schema-graph\">{\"@context\":\"https:\\\/\\\/schema.org\",\"@graph\":[{\"@type\":\"WebPage\",\"@id\":\"https:\\\/\\\/egide.uqam.ca\\\/en\\\/contact-us\\\/\",\"url\":\"https:\\\/\\\/egide.uqam.ca\\\/en\\\/contact-us\\\/\",\"name\":\"Contact us - EGIDE\",\"isPartOf\":{\"@id\":\"https:\\\/\\\/egide.uqam.ca\\\/#website\"},\"datePublished\":\"2019-02-05T00:09:30+00:00\",\"dateModified\":\"2019-02-05T00:09:31+00:00\",\"breadcrumb\":{\"@id\":\"https:\\\/\\\/egide.uqam.ca\\\/en\\\/contact-us\\\/#breadcrumb\"},\"inLanguage\":\"en-US\",\"potentialAction\":[{\"@type\":\"ReadAction\",\"target\":[\"https:\\\/\\\/egide.uqam.ca\\\/en\\\/contact-us\\\/\"]}]},{\"@type\":\"BreadcrumbList\",\"@id\":\"https:\\\/\\\/egide.uqam.ca\\\/en\\\/contact-us\\\/#breadcrumb\",\"itemListElement\":[{\"@type\":\"ListItem\",\"position\":1,\"name\":\"Home\",\"item\":\"https:\\\/\\\/egide.uqam.ca\\\/en\\\/\"},{\"@type\":\"ListItem\",\"position\":2,\"name\":\"Contact us\"}]},{\"@type\":\"WebSite\",\"@id\":\"https:\\\/\\\/egide.uqam.ca\\\/#website\",\"url\":\"https:\\\/\\\/egide.uqam.ca\\\/\",\"name\":\"EGIDE\",\"description\":\"\",\"potentialAction\":[{\"@type\":\"SearchAction\",\"target\":{\"@type\":\"EntryPoint\",\"urlTemplate\":\"https:\\\/\\\/egide.uqam.ca\\\/?s={search_term_string}\"},\"query-input\":{\"@type\":\"PropertyValueSpecification\",\"valueRequired\":true,\"valueName\":\"search_term_string\"}}],\"inLanguage\":\"en-US\"}]}<\/script>\n<!-- \/ Yoast SEO plugin. -->","yoast_head_json":{"title":"Contact us - EGIDE","robots":{"index":"index","follow":"follow","max-snippet":"max-snippet:-1","max-image-preview":"max-image-preview:large","max-video-preview":"max-video-preview:-1"},"canonical":"https:\/\/egide.uqam.ca\/en\/contact-us\/","og_locale":"en_US","og_type":"article","og_title":"Contact us - EGIDE","og_description":"For more information on the EGIDE Consortium and the International Summit, to become a partner or volunteer: Address:Universit\u00e9 du Qu\u00e9bec \u00e0 Montr\u00e9alD\u00e9partement de g\u00e9ographieCase Postale 8888, succursale centre-villeMontr\u00e9al (Qu\u00e9bec) H3C 3P8 Email :egide@uqam.ca Fax :(to the attention of Michel C. Dor\u00e9)514.987.6784","og_url":"https:\/\/egide.uqam.ca\/en\/contact-us\/","og_site_name":"EGIDE","article_modified_time":"2019-02-05T00:09:31+00:00","twitter_card":"summary_large_image","schema":{"@context":"https:\/\/schema.org","@graph":[{"@type":"WebPage","@id":"https:\/\/egide.uqam.ca\/en\/contact-us\/","url":"https:\/\/egide.uqam.ca\/en\/contact-us\/","name":"Contact us - EGIDE","isPartOf":{"@id":"https:\/\/egide.uqam.ca\/#website"},"datePublished":"2019-02-05T00:09:30+00:00","dateModified":"2019-02-05T00:09:31+00:00","breadcrumb":{"@id":"https:\/\/egide.uqam.ca\/en\/contact-us\/#breadcrumb"},"inLanguage":"en-US","potentialAction":[{"@type":"ReadAction","target":["https:\/\/egide.uqam.ca\/en\/contact-us\/"]}]},{"@type":"BreadcrumbList","@id":"https:\/\/egide.uqam.ca\/en\/contact-us\/#breadcrumb","itemListElement":[{"@type":"ListItem","position":1,"name":"Home","item":"https:\/\/egide.uqam.ca\/en\/"},{"@type":"ListItem","position":2,"name":"Contact us"}]},{"@type":"WebSite","@id":"https:\/\/egide.uqam.ca\/#website","url":"https:\/\/egide.uqam.ca\/","name":"EGIDE","description":"","potentialAction":[{"@type":"SearchAction","target":{"@type":"EntryPoint","urlTemplate":"https:\/\/egide.uqam.ca\/?s={search_term_string}"},"query-input":{"@type":"PropertyValueSpecification","valueRequired":true,"valueName":"search_term_string"}}],"inLanguage":"en-US"}]}},"_links":{"self":[{"href":"https:\/\/egide.uqam.ca\/en\/wp-json\/wp\/v2\/pages\/151","targetHints":{"allow":["GET"]}}],"collection":[{"href":"https:\/\/egide.uqam.ca\/en\/wp-json\/wp\/v2\/pages"}],"about":[{"href":"https:\/\/egide.uqam.ca\/en\/wp-json\/wp\/v2\/types\/page"}],"author":[{"embeddable":true,"href":"https:\/\/egide.uqam.ca\/en\/wp-json\/wp\/v2\/users\/474"}],"replies":[{"embeddable":true,"href":"https:\/\/egide.uqam.ca\/en\/wp-json\/wp\/v2\/comments?post=151"}],"version-history":[{"count":1,"href":"https:\/\/egide.uqam.ca\/en\/wp-json\/wp\/v2\/pages\/151\/revisions"}],"predecessor-version":[{"id":152,"href":"https:\/\/egide.uqam.ca\/en\/wp-json\/wp\/v2\/pages\/151\/revisions\/152"}],"wp:attachment":[{"href":"https:\/\/egide.uqam.ca\/en\/wp-json\/wp\/v2\/media?parent=151"}],"curies":[{"name":"wp","href":"https:\/\/api.w.org\/{rel}","templated":true}]}}