{"id":142,"date":"2018-07-23T15:01:54","date_gmt":"2018-07-23T15:01:54","guid":{"rendered":"https:\/\/egide.uqam.ca\/presentation\/"},"modified":"2026-03-18T18:08:55","modified_gmt":"2026-03-18T22:08:55","slug":"presentation","status":"publish","type":"page","link":"https:\/\/egide.uqam.ca\/es\/","title":{"rendered":"Accueil"},"content":{"rendered":"<p data-path-to-node=\"2\">Le LabAtelier est un espace de recherche-cr\u00e9ation o\u00f9 l&#8217;exp\u00e9rimentation rigoureuse du laboratoire fusionne avec la pratique collaborative de l&#8217;atelier. Sa vocation premi\u00e8re est de r\u00e9inventer l\u2019acte d\u2019\u00ab habiter \u00bb pour en faire un levier fondamental de r\u00e9silience.<\/p>\n<p data-path-to-node=\"3\">Dans cette perspective, habiter n&#8217;est plus une simple condition passive, mais un acte conscient et engag\u00e9 : celui de tisser des liens profonds avec ce qui nous entoure. La mission du LabAtelier est d&#8217;initier des actions communautairesconcr\u00e8tes qui permettent aux individus et aux groupes de se reconnecter \u00e0 leur environnement imm\u00e9diat, au vivant et \u00e0 la nature.<\/p>\n<p data-path-to-node=\"4\">En favorisant cette reconnexion, le LabAtelier cherche \u00e0 catalyser des mani\u00e8res de faire, d&#8217;am\u00e9nager et de vivre le territoire qui renforcent non seulement la s\u00e9curit\u00e9 face aux risques, mais aussi le tissu social et le sentiment d&#8217;appartenance. C&#8217;est en apprenant \u00e0 habiter activement notre milieu que nous construisons, ensemble, une r\u00e9silience ancr\u00e9e, vivante et durable.<\/p>\n","protected":false},"excerpt":{"rendered":"<p>Le LabAtelier est un espace de recherche-cr\u00e9ation o\u00f9 l&#8217;exp\u00e9rimentation rigoureuse du laboratoire fusionne avec la pratique collaborative de l&#8217;atelier. Sa vocation premi\u00e8re est de r\u00e9inventer l\u2019acte d\u2019\u00ab habiter \u00bb pour en faire un levier fondamental de r\u00e9silience. Dans cette perspective, habiter n&#8217;est plus une simple condition passive, mais un acte conscient et engag\u00e9 : celui [&hellip;]<\/p>\n","protected":false},"author":474,"featured_media":0,"parent":0,"menu_order":0,"comment_status":"closed","ping_status":"closed","template":"","meta":{"_editorskit_title_hidden":false,"_editorskit_reading_time":0,"_editorskit_is_block_options_detached":false,"_editorskit_block_options_position":"{}","footnotes":""},"class_list":["post-142","page","type-page","status-publish","hentry"],"yoast_head":"<!-- This site is optimized with the Yoast SEO plugin v27.5 - https:\/\/yoast.com\/product\/yoast-seo-wordpress\/ -->\n<title>Accueil - EGIDE<\/title>\n<meta name=\"robots\" content=\"index, follow, max-snippet:-1, max-image-preview:large, max-video-preview:-1\" \/>\n<link rel=\"canonical\" href=\"https:\/\/egide.uqam.ca\/es\/\" \/>\n<meta property=\"og:locale\" content=\"es_ES\" \/>\n<meta property=\"og:type\" content=\"article\" \/>\n<meta property=\"og:title\" content=\"Accueil - EGIDE\" \/>\n<meta property=\"og:description\" content=\"Le LabAtelier est un espace de recherche-cr\u00e9ation o\u00f9 l&#8217;exp\u00e9rimentation rigoureuse du laboratoire fusionne avec la pratique collaborative de l&#8217;atelier. Sa vocation premi\u00e8re est de r\u00e9inventer l\u2019acte d\u2019\u00ab habiter \u00bb pour en faire un levier fondamental de r\u00e9silience. Dans cette perspective, habiter n&#8217;est plus une simple condition passive, mais un acte conscient et engag\u00e9 : celui [&hellip;]\" \/>\n<meta property=\"og:url\" content=\"https:\/\/egide.uqam.ca\/es\/\" \/>\n<meta property=\"og:site_name\" content=\"EGIDE\" \/>\n<meta property=\"article:modified_time\" content=\"2026-03-18T22:08:55+00:00\" \/>\n<meta name=\"twitter:card\" content=\"summary_large_image\" \/>\n<meta name=\"twitter:label1\" content=\"Est. reading time\" \/>\n\t<meta name=\"twitter:data1\" content=\"1 minute\" \/>\n<script type=\"application\/ld+json\" class=\"yoast-schema-graph\">{\"@context\":\"https:\\\/\\\/schema.org\",\"@graph\":[{\"@type\":\"WebPage\",\"@id\":\"https:\\\/\\\/egide.uqam.ca\\\/es\\\/\",\"url\":\"https:\\\/\\\/egide.uqam.ca\\\/es\\\/\",\"name\":\"Accueil - EGIDE\",\"isPartOf\":{\"@id\":\"https:\\\/\\\/egide.uqam.ca\\\/#website\"},\"datePublished\":\"2018-07-23T15:01:54+00:00\",\"dateModified\":\"2026-03-18T22:08:55+00:00\",\"breadcrumb\":{\"@id\":\"https:\\\/\\\/egide.uqam.ca\\\/es\\\/#breadcrumb\"},\"inLanguage\":\"es-ES\",\"potentialAction\":[{\"@type\":\"ReadAction\",\"target\":[\"https:\\\/\\\/egide.uqam.ca\\\/es\\\/\"]}]},{\"@type\":\"BreadcrumbList\",\"@id\":\"https:\\\/\\\/egide.uqam.ca\\\/es\\\/#breadcrumb\",\"itemListElement\":[{\"@type\":\"ListItem\",\"position\":1,\"name\":\"Home\",\"item\":\"https:\\\/\\\/egide.uqam.ca\\\/es\\\/\"},{\"@type\":\"ListItem\",\"position\":2,\"name\":\"Accueil\"}]},{\"@type\":\"WebSite\",\"@id\":\"https:\\\/\\\/egide.uqam.ca\\\/#website\",\"url\":\"https:\\\/\\\/egide.uqam.ca\\\/\",\"name\":\"EGIDE\",\"description\":\"\",\"potentialAction\":[{\"@type\":\"SearchAction\",\"target\":{\"@type\":\"EntryPoint\",\"urlTemplate\":\"https:\\\/\\\/egide.uqam.ca\\\/?s={search_term_string}\"},\"query-input\":{\"@type\":\"PropertyValueSpecification\",\"valueRequired\":true,\"valueName\":\"search_term_string\"}}],\"inLanguage\":\"es-ES\"}]}<\/script>\n<!-- \/ Yoast SEO plugin. -->","yoast_head_json":{"title":"Accueil - EGIDE","robots":{"index":"index","follow":"follow","max-snippet":"max-snippet:-1","max-image-preview":"max-image-preview:large","max-video-preview":"max-video-preview:-1"},"canonical":"https:\/\/egide.uqam.ca\/es\/","og_locale":"es_ES","og_type":"article","og_title":"Accueil - EGIDE","og_description":"Le LabAtelier est un espace de recherche-cr\u00e9ation o\u00f9 l&#8217;exp\u00e9rimentation rigoureuse du laboratoire fusionne avec la pratique collaborative de l&#8217;atelier. Sa vocation premi\u00e8re est de r\u00e9inventer l\u2019acte d\u2019\u00ab habiter \u00bb pour en faire un levier fondamental de r\u00e9silience. Dans cette perspective, habiter n&#8217;est plus une simple condition passive, mais un acte conscient et engag\u00e9 : celui [&hellip;]","og_url":"https:\/\/egide.uqam.ca\/es\/","og_site_name":"EGIDE","article_modified_time":"2026-03-18T22:08:55+00:00","twitter_card":"summary_large_image","twitter_misc":{"Est. reading time":"1 minute"},"schema":{"@context":"https:\/\/schema.org","@graph":[{"@type":"WebPage","@id":"https:\/\/egide.uqam.ca\/es\/","url":"https:\/\/egide.uqam.ca\/es\/","name":"Accueil - EGIDE","isPartOf":{"@id":"https:\/\/egide.uqam.ca\/#website"},"datePublished":"2018-07-23T15:01:54+00:00","dateModified":"2026-03-18T22:08:55+00:00","breadcrumb":{"@id":"https:\/\/egide.uqam.ca\/es\/#breadcrumb"},"inLanguage":"es-ES","potentialAction":[{"@type":"ReadAction","target":["https:\/\/egide.uqam.ca\/es\/"]}]},{"@type":"BreadcrumbList","@id":"https:\/\/egide.uqam.ca\/es\/#breadcrumb","itemListElement":[{"@type":"ListItem","position":1,"name":"Home","item":"https:\/\/egide.uqam.ca\/es\/"},{"@type":"ListItem","position":2,"name":"Accueil"}]},{"@type":"WebSite","@id":"https:\/\/egide.uqam.ca\/#website","url":"https:\/\/egide.uqam.ca\/","name":"EGIDE","description":"","potentialAction":[{"@type":"SearchAction","target":{"@type":"EntryPoint","urlTemplate":"https:\/\/egide.uqam.ca\/?s={search_term_string}"},"query-input":{"@type":"PropertyValueSpecification","valueRequired":true,"valueName":"search_term_string"}}],"inLanguage":"es-ES"}]}},"_links":{"self":[{"href":"https:\/\/egide.uqam.ca\/es\/wp-json\/wp\/v2\/pages\/142","targetHints":{"allow":["GET"]}}],"collection":[{"href":"https:\/\/egide.uqam.ca\/es\/wp-json\/wp\/v2\/pages"}],"about":[{"href":"https:\/\/egide.uqam.ca\/es\/wp-json\/wp\/v2\/types\/page"}],"author":[{"embeddable":true,"href":"https:\/\/egide.uqam.ca\/es\/wp-json\/wp\/v2\/users\/474"}],"replies":[{"embeddable":true,"href":"https:\/\/egide.uqam.ca\/es\/wp-json\/wp\/v2\/comments?post=142"}],"version-history":[{"count":10,"href":"https:\/\/egide.uqam.ca\/es\/wp-json\/wp\/v2\/pages\/142\/revisions"}],"predecessor-version":[{"id":457,"href":"https:\/\/egide.uqam.ca\/es\/wp-json\/wp\/v2\/pages\/142\/revisions\/457"}],"wp:attachment":[{"href":"https:\/\/egide.uqam.ca\/es\/wp-json\/wp\/v2\/media?parent=142"}],"curies":[{"name":"wp","href":"https:\/\/api.w.org\/{rel}","templated":true}]}}